{"id":36,"date":"2014-10-25T15:08:20","date_gmt":"2014-10-25T15:08:20","guid":{"rendered":"http:\/\/businessconnections.com.br\/br\/?page_id=36"},"modified":"2019-10-25T13:56:22","modified_gmt":"2019-10-25T15:56:22","slug":"areas-de-atuacao","status":"publish","type":"page","link":"https:\/\/businessconnections.com.br\/br\/areas-de-atuacao\/","title":{"rendered":"\u00c1reas de Atua\u00e7\u00e3o"},"content":{"rendered":"\n<div>\n<p><strong><em><span class=\"il\">Business<\/span> <span class=\"il\">Connections<\/span> Brazil<\/em><\/strong>&nbsp;concentra suas atividades na reposi\u00e7\u00e3o:<\/p>\n<\/div>\n<div>\n<ul>\n<li>Autope\u00e7as e acess\u00f3rios para ve\u00edculos leves, pesados e implementos rodovi\u00e1rios;<\/li>\n<\/ul>\n<ul>\n<li>Motope\u00e7as e acess\u00f3rios para motos e motonetas;<\/li>\n<\/ul>\n<ul>\n<li>Pe\u00e7as e acess\u00f3rios para m\u00e1quinas e implementos agr\u00edcola;<\/li>\n<\/ul>\n<ul>\n<li>Pe\u00e7as e acess\u00f3rios para m\u00e1quinas e equipamentos de constru\u00e7\u00e3o (linha amarela);<\/li>\n<\/ul>\n<\/div>\n\n\n\n<p><\/p>\n","protected":false},"excerpt":{"rendered":"<p>Business Connections Brazil&nbsp;concentra suas atividades na reposi\u00e7\u00e3o: Autope\u00e7as e acess\u00f3rios para ve\u00edculos leves, pesados e implementos rodovi\u00e1rios; Motope\u00e7as e acess\u00f3rios para motos e motonetas; Pe\u00e7as e acess\u00f3rios para m\u00e1quinas e implementos agr\u00edcola; Pe\u00e7as e acess\u00f3rios para m\u00e1quinas e equipamentos de constru\u00e7\u00e3o (linha amarela);<\/p>\n","protected":false},"author":3,"featured_media":0,"parent":0,"menu_order":0,"comment_status":"closed","ping_status":"closed","template":"","meta":[],"_links":{"self":[{"href":"https:\/\/businessconnections.com.br\/br\/wp-json\/wp\/v2\/pages\/36"}],"collection":[{"href":"https:\/\/businessconnections.com.br\/br\/wp-json\/wp\/v2\/pages"}],"about":[{"href":"https:\/\/businessconnections.com.br\/br\/wp-json\/wp\/v2\/types\/page"}],"author":[{"embeddable":true,"href":"https:\/\/businessconnections.com.br\/br\/wp-json\/wp\/v2\/users\/3"}],"replies":[{"embeddable":true,"href":"https:\/\/businessconnections.com.br\/br\/wp-json\/wp\/v2\/comments?post=36"}],"version-history":[{"count":16,"href":"https:\/\/businessconnections.com.br\/br\/wp-json\/wp\/v2\/pages\/36\/revisions"}],"predecessor-version":[{"id":261,"href":"https:\/\/businessconnections.com.br\/br\/wp-json\/wp\/v2\/pages\/36\/revisions\/261"}],"wp:attachment":[{"href":"https:\/\/businessconnections.com.br\/br\/wp-json\/wp\/v2\/media?parent=36"}],"curies":[{"name":"wp","href":"https:\/\/api.w.org\/{rel}","templated":true}]}}