{"id":18,"date":"2014-10-23T14:26:24","date_gmt":"2014-10-23T14:26:24","guid":{"rendered":"http:\/\/businessconnections.com.br\/br\/?page_id=18"},"modified":"2018-08-14T19:24:30","modified_gmt":"2018-08-14T22:24:30","slug":"contato","status":"publish","type":"page","link":"https:\/\/businessconnections.com.br\/br\/contato\/","title":{"rendered":"Contato"},"content":{"rendered":"<div class=\"wpb_row wf-container\" style=\"margin-top: 0px;margin-bottom: 0px\" >\n\t<div class=\"wf-cell wf-span-4 wpb_column column_container \">\n\t\t\t\n\t<div class=\"wpb_text_column wpb_content_element \">\n\t\t<div class=\"wpb_wrapper\">\n\t\t\t<span style=\"color: #ffffff;\"><strong>.<\/strong><\/span><br \/>\n<span style=\"color: #ffffff;\"><strong>.<\/strong><\/span><br \/>\n<span style=\"color: #ffffff;\"><strong>.<\/strong><\/span><br \/>\n<span style=\"color: #ffffff;\"><strong>.<\/strong><\/span><br \/>\n<strong>Business Connections Brazil<\/strong><\/p>\n<p><img loading=\"lazy\" src=\"http:\/\/businessconnections.com.br\/images\/icone_fone.png\" alt=\"\" width=\"23\" height=\"24\" \/> Phone\/Fax: +55 (19) 3056-5707<\/p>\n<p><img loading=\"lazy\" src=\"http:\/\/businessconnections.com.br\/images\/skype_icon.png\" alt=\"\" width=\"20\" height=\"23\" \/> Skype: business.connections.brazil<\/p>\n<p><img loading=\"lazy\" src=\"http:\/\/businessconnections.com.br\/images\/email-icon.png\" alt=\"\" width=\"21\" height=\"22\" \/> bc@businessconnections.com.br\n\t\t<\/div> \n\t<\/div> \n\t<\/div> \n\n\t<div class=\"wf-cell wf-span-4 wpb_column column_container \">\n\t\t\t<div class=\"vc_text_separator wpb_content_element separator_align_center\"><div>Formul\u00e1rio de Contato<\/div><\/div>\n<div role=\"form\" class=\"wpcf7\" id=\"wpcf7-f4-o1\" lang=\"pt-BR\" dir=\"ltr\">\n<div class=\"screen-reader-response\"><p role=\"status\" aria-live=\"polite\" aria-atomic=\"true\"><\/p> <ul><\/ul><\/div>\n<form action=\"\/br\/wp-json\/wp\/v2\/pages\/18#wpcf7-f4-o1\" method=\"post\" class=\"wpcf7-form init\" novalidate=\"novalidate\" data-status=\"init\">\n<div style=\"display: none;\">\n<input type=\"hidden\" name=\"_wpcf7\" value=\"4\" \/>\n<input type=\"hidden\" name=\"_wpcf7_version\" value=\"5.6.3\" \/>\n<input type=\"hidden\" name=\"_wpcf7_locale\" value=\"pt_BR\" \/>\n<input type=\"hidden\" name=\"_wpcf7_unit_tag\" value=\"wpcf7-f4-o1\" \/>\n<input type=\"hidden\" name=\"_wpcf7_container_post\" value=\"0\" \/>\n<input type=\"hidden\" name=\"_wpcf7_posted_data_hash\" value=\"\" \/>\n<\/div>\n<p><center><br \/>\nSeu nome:<br \/>\n<span class=\"wpcf7-form-control-wrap\" data-name=\"your-name\"><input type=\"text\" name=\"your-name\" value=\"\" size=\"40\" class=\"wpcf7-form-control wpcf7-text wpcf7-validates-as-required\" aria-required=\"true\" aria-invalid=\"false\" \/><\/span> <br><br \/>\nSeu e-mail:<br \/>\n<span class=\"wpcf7-form-control-wrap\" data-name=\"your-email\"><input type=\"email\" name=\"your-email\" value=\"\" size=\"40\" class=\"wpcf7-form-control wpcf7-text wpcf7-email wpcf7-validates-as-required wpcf7-validates-as-email\" aria-required=\"true\" aria-invalid=\"false\" \/><\/span> <br><br \/>\nEmpresa:<br \/>\n<span class=\"wpcf7-form-control-wrap\" data-name=\"Empresa\"><input type=\"text\" name=\"Empresa\" value=\"\" size=\"40\" class=\"wpcf7-form-control wpcf7-text\" aria-invalid=\"false\" \/><\/span> <br><br \/>\nTelefone:<br \/>\n<span class=\"wpcf7-form-control-wrap\" data-name=\"Telefone\"><input type=\"text\" name=\"Telefone\" value=\"\" size=\"40\" class=\"wpcf7-form-control wpcf7-text\" aria-invalid=\"false\" \/><\/span> <br><br \/>\nAssunto:<br \/>\n<span class=\"wpcf7-form-control-wrap\" data-name=\"your-subject\"><input type=\"text\" name=\"your-subject\" value=\"\" size=\"40\" class=\"wpcf7-form-control wpcf7-text\" aria-invalid=\"false\" \/><\/span> <br><br \/>\nMensagem:<br \/>\n<span class=\"wpcf7-form-control-wrap\" data-name=\"Mensagem\"><textarea name=\"Mensagem\" cols=\"5\" rows=\"10\" class=\"wpcf7-form-control wpcf7-textarea\" aria-invalid=\"false\"><\/textarea><\/span> <br><br \/>\n<input type=\"hidden\" name=\"_wpcf7_captcha_challenge_captcha-442\" value=\"4198878153\" \/><img class=\"wpcf7-form-control wpcf7-captchac wpcf7-captcha-captcha-442\" width=\"84\" height=\"28\" alt=\"captcha\" src=\"https:\/\/businessconnections.com.br\/br\/wp-content\/uploads\/wpcf7_captcha\/4198878153.png\" \/><br \/>\nDigite o c\u00f3digo acima:<br \/>\n<span class=\"wpcf7-form-control-wrap\" data-name=\"captcha-442\"><input type=\"text\" name=\"captcha-442\" value=\"\" size=\"40\" class=\"wpcf7-form-control wpcf7-captchar\" autocomplete=\"off\" aria-invalid=\"false\" \/><\/span><br \/>\n<input type=\"submit\" value=\"Enviar\" class=\"wpcf7-form-control has-spinner wpcf7-submit\" \/><br \/>\n<\/center><\/p>\n<div class=\"inv-recaptcha-holder\"><\/div><div class=\"wpcf7-response-output\" aria-hidden=\"true\"><\/div><\/form><\/div>\n\t<\/div> \n\n\t<div class=\"wf-cell wf-span-4 wpb_column column_container \">\n\t\t\t\n\t<div class=\"wpb_text_column wpb_content_element \">\n\t\t<div class=\"wpb_wrapper\">\n\t\t\t<span style=\"color: #ffffff;\"><strong>.<\/strong><\/span><br \/>\n<span style=\"color: #ffffff;\"><strong>.<\/strong><\/span><br \/>\n<span style=\"color: #ffffff;\"><strong>.<\/strong><\/span><br \/>\n<span style=\"color: #ffffff;\"><strong>.<\/strong><\/span><br \/>\n<strong>Miguel Magalh\u00e3es Dell&#8217;Agli<\/strong><\/p>\n<p><strong> Diretor Comercial<\/strong><\/p>\n<p><img loading=\"lazy\" src=\"http:\/\/businessconnections.com.br\/images\/whats-app.png\" alt=\"\" width=\"20\" height=\"23\" \/> Mobile: +55 (19) 99204-1796<\/p>\n<p><img loading=\"lazy\" src=\"http:\/\/businessconnections.com.br\/images\/skype_icon.png\" alt=\"\" width=\"20\" height=\"23\" \/> Skype: miguel.m.dellagli<\/p>\n<p><img loading=\"lazy\" src=\"http:\/\/businessconnections.com.br\/images\/email-icon.png\" alt=\"\" width=\"21\" height=\"22\" \/> miguel@businessconnections.com.br\n\t\t<\/div> \n\t<\/div> \n\t<\/div> \n<\/div><div class=\"wpb_row wf-container\" style=\"margin-top: 0px;margin-bottom: 0px\" >\n\t<div class=\"wf-cell wf-span-12 wpb_column column_container \">\n\t\t\t\n\t<\/div> \n<\/div>\n","protected":false},"excerpt":{"rendered":". . . . Business Connections Brazil Phone\/Fax: +55 (19) 3056-5707 Skype: business.connections.brazil bc@businessconnections.com.br Formul\u00e1rio de Contato Seu nome: Seu e-mail: Empresa: Telefone: Assunto: Mensagem: Digite o c\u00f3digo acima: . . . . Miguel Magalh\u00e3es Dell'Agli Diretor Comercial Mobile: +55 (19) 99204-1796 Skype: miguel.m.dellagli miguel@businessconnections.com.br","protected":false},"author":3,"featured_media":0,"parent":0,"menu_order":0,"comment_status":"closed","ping_status":"closed","template":"","meta":[],"_links":{"self":[{"href":"https:\/\/businessconnections.com.br\/br\/wp-json\/wp\/v2\/pages\/18"}],"collection":[{"href":"https:\/\/businessconnections.com.br\/br\/wp-json\/wp\/v2\/pages"}],"about":[{"href":"https:\/\/businessconnections.com.br\/br\/wp-json\/wp\/v2\/types\/page"}],"author":[{"embeddable":true,"href":"https:\/\/businessconnections.com.br\/br\/wp-json\/wp\/v2\/users\/3"}],"replies":[{"embeddable":true,"href":"https:\/\/businessconnections.com.br\/br\/wp-json\/wp\/v2\/comments?post=18"}],"version-history":[{"count":28,"href":"https:\/\/businessconnections.com.br\/br\/wp-json\/wp\/v2\/pages\/18\/revisions"}],"predecessor-version":[{"id":242,"href":"https:\/\/businessconnections.com.br\/br\/wp-json\/wp\/v2\/pages\/18\/revisions\/242"}],"wp:attachment":[{"href":"https:\/\/businessconnections.com.br\/br\/wp-json\/wp\/v2\/media?parent=18"}],"curies":[{"name":"wp","href":"https:\/\/api.w.org\/{rel}","templated":true}]}}