{"id":14,"date":"2014-10-23T14:25:41","date_gmt":"2014-10-23T14:25:41","guid":{"rendered":"http:\/\/businessconnections.com.br\/br\/?page_id=14"},"modified":"2014-11-13T15:05:45","modified_gmt":"2014-11-13T15:05:45","slug":"servicos","status":"publish","type":"page","link":"https:\/\/businessconnections.com.br\/br\/servicos\/","title":{"rendered":"Servi\u00e7os"},"content":{"rendered":"<p style=\"text-align: justify;\"><strong><div class=\"wpb_row wf-container\" style=\"margin-top: 0px;margin-bottom: 0px\" >\n\t<div class=\"wf-cell wf-span-12 wpb_column column_container \">\n\t\t\t<div class=\"vc_text_separator wpb_content_element separator_align_center\"><div>Representa\u00e7\u00e3o Comercial no Brasil e no Exterior<\/div><\/div>\n<\/strong><\/p>\n<p style=\"text-align: justify;\"><span style=\"color: #ffffff;\">.<\/span><\/p>\n<p style=\"text-align: justify;\"><strong>\n\t<div class=\"wpb_text_column wpb_content_element \">\n\t\t<div class=\"wpb_wrapper\">\n\t\t\t<\/strong><\/p>\n<p style=\"text-align: justify;\"><span style=\"color: #ffffff;\">.<\/span><\/p>\n<p style=\"text-align: justify;\">A <em><strong>Business Connections Brazil<\/strong><\/em> representa empresas no Mercado Nacional e Internacional, com a\u00e7\u00f5es que incluem pesquisa de mercado, prospec\u00e7\u00e3o, qualifica\u00e7\u00e3o e defini\u00e7\u00e3o de clientes, gera\u00e7\u00e3o de oportunidades comerciais e realiza\u00e7\u00e3o de neg\u00f3cios.<\/p>\n<p style=\"text-align: justify;\"><span style=\"color: #ffffff;\">.<\/span><\/p>\n<p style=\"text-align: justify;\">A <strong><em>Business Connections Brazil<\/em><\/strong> oferece os seguintes servi\u00e7os nessa \u00e1rea:<\/p>\n<p style=\"text-align: justify;\">\u2022 Representa\u00e7\u00e3o comercial de empresas brasileiras e seus produtos ou servi\u00e7os no Brasil;<\/p>\n<p style=\"text-align: justify;\">\u2022 Representa\u00e7\u00e3o comercial de empresas brasileiras e seus produtos ou servi\u00e7os no Exterior;<\/p>\n<p style=\"text-align: justify;\">\u2022 Representa\u00e7\u00e3o comercial de empresas estrangeiras e seus produtos ou servi\u00e7os no Brasil e na Am\u00e9rica Latina.<\/p>\n<p style=\"text-align: justify;\"><strong>\n\t\t<\/div> \n\t<\/div> \n\t<div class=\"wpb_text_column wpb_content_element \">\n\t\t<div class=\"wpb_wrapper\">\n\t\t\t<\/strong><\/p>\n<p style=\"text-align: justify;\"><span style=\"color: #ffffff;\">.<\/span><\/p>\n<p style=\"text-align: justify;\"><span style=\"color: #ffffff;\">.<\/span><\/p>\n<p style=\"text-align: justify;\"><strong>\n\t\t<\/div> \n\t<\/div> <div class=\"vc_text_separator wpb_content_element separator_align_center\"><div>Marketing e Trade Marketing<\/div><\/div>\n<\/strong><\/p>\n<p style=\"text-align: justify;\"><span style=\"color: #ffffff;\">.<\/span><\/p>\n<p style=\"text-align: justify;\"><strong>\n\t<div class=\"wpb_text_column wpb_content_element \">\n\t\t<div class=\"wpb_wrapper\">\n\t\t\t<\/strong><\/p>\n<p style=\"text-align: justify;\"><span style=\"color: #ffffff;\">.<\/span><\/p>\n<p style=\"text-align: justify;\">A <strong><em>Business Connections Brazil<\/em><\/strong> envolve todas as atividades de Marketing que s\u00e3o dirigidas a atender as necessidades do consumidor, incluindo o desenvolvimento de produtos espec\u00edficos para satisfazer suas necessidades, estudo e entrega de produtos e servi\u00e7os pelos canais apropriados e a comunica\u00e7\u00e3o com o consumidor para garantir a sua satisfa\u00e7\u00e3o.<\/p>\n<p style=\"text-align: justify;\"><span style=\"color: #ffffff;\">.<\/span><\/p>\n<p style=\"text-align: justify;\">O Trade marketing \u00e9 uma parte importante na estrat\u00e9gia de marketing das empresas que planejam maximizar as suas vendas e a diferencia\u00e7\u00e3o dos seus produtos e servi\u00e7os nos pontos-de-venda no Brasil. A <em><strong>Business Connections Brazil<\/strong><\/em> orienta o desenvolvimento das rela\u00e7\u00f5es entre fabricantes ou prestadores de servi\u00e7os estrangeiros e os canais de venda no Brasil, pelo pleno entendimento das necessidades existentes entre marcas\/produtos, pontos-de-venda e consumidores.<\/p>\n<p style=\"text-align: justify;\"><span style=\"color: #ffffff;\">.<\/span><\/p>\n<p style=\"text-align: justify;\">A <strong><em>Business Connections Brazil<\/em><\/strong> oferece os seguintes servi\u00e7os nessa \u00e1rea:<\/p>\n<p style=\"text-align: justify;\">\u2022 Realiza\u00e7\u00e3o de pesquisas de mercado, estudos de intelig\u00eancia comercial competitiva e disponibiliza\u00e7\u00e3o de estat\u00edsticas por SH CODE, NCM\/SH, NANDINA\/SH, NALADI\/SH, SACH\/SH e SAC\/SH para Exporta\u00e7\u00e3o e Importa\u00e7\u00e3o;<\/p>\n<p style=\"text-align: justify;\">\u2022 Cria\u00e7\u00e3o de estrat\u00e9gias de marketing mix por meio de an\u00e1lises dos produtos, distribui\u00e7\u00f5es, promo\u00e7\u00e3o e precifica\u00e7\u00e3o para o mercado nacional e internacional;<\/p>\n<p style=\"text-align: justify;\">\u2022 Estudos de canais de distribui\u00e7\u00e3o no atacado e no varejo para a comercializa\u00e7\u00e3o de produtos por meio de an\u00e1lises dos distribuidores e revendedores no Brasil e no Exterior;<\/p>\n<p style=\"text-align: justify;\">\u2022 Desenvolvimento de processos de promo\u00e7\u00e3o comercial de produtos e servi\u00e7os no Brasil e no Exterior por meio de propagandas e m\u00eddias digitais. Indica\u00e7\u00e3o dos melhores eventos nacionais e internacionais para o seu neg\u00f3cio;<\/p>\n<p style=\"text-align: justify;\">\u2022 Por meio de parcerias estrat\u00e9gicas oferecemos atividades completas de marketing e trade marketing com o objetivo de potencializar a competitividade e orientar as decis\u00f5es das empresas brasileiras e estrangeiras.<\/p>\n<p style=\"text-align: justify;\"><span style=\"color: #ffffff;\">.<\/span><\/p>\n<p style=\"text-align: justify;\"><span style=\"color: #ffffff;\">.<\/span><\/p>\n<p style=\"text-align: justify;\"><strong>\n\t\t<\/div> \n\t<\/div> \n\t<\/div> \n<\/div><div class=\"wpb_row wf-container\" style=\"margin-top: 0px;margin-bottom: 0px\" >\n\t<div class=\"wf-cell wf-span-12 wpb_column column_container fade-in animate-element\">\n\t\t\t<div class=\"vc_text_separator wpb_content_element separator_align_center\"><div>Agenciamento de Compras no Brasil e no Exterior<\/div><\/div>\n<\/strong><\/p>\n<p style=\"text-align: justify;\"><span style=\"color: #ffffff;\"><strong>.<\/strong><\/span><\/p>\n<p style=\"text-align: justify;\"><strong>\n\t<div class=\"wpb_text_column wpb_content_element \">\n\t\t<div class=\"wpb_wrapper\">\n\t\t\t<\/strong><\/p>\n<p style=\"text-align: justify;\"><span style=\"color: #ffffff;\">.<\/span><\/p>\n<p style=\"text-align: justify;\">A <strong><em>Business Connections Brazil<\/em><\/strong> agencia e gerencia compras de produtos e contrata\u00e7\u00f5es de servi\u00e7os por ordem de terceiros, com o objetivo de obter o melhor pre\u00e7o no mercado, sendo respons\u00e1vel pelo desenvolvimento de fornecedores e prestadores de servi\u00e7os no Exterior para empresas brasileiras, e pelo desenvolvimento de fornecedores e prestadores de servi\u00e7os no Brasil para empresas estrangeiras.<\/p>\n<p style=\"text-align: justify;\"><span style=\"color: #ffffff;\">.<\/span><\/p>\n<p style=\"text-align: justify;\">A<strong><em> Business Connections Brazil<\/em><\/strong> oferece os seguintes servi\u00e7os nessa \u00e1rea:<\/p>\n<p style=\"text-align: justify;\">\u2022 Capta\u00e7\u00e3o, negocia\u00e7\u00e3o, equaliza\u00e7\u00e3o de valores e gerenciamento da qualidade de produtos e servi\u00e7os no Brasil e no Exterior;<\/p>\n<p style=\"text-align: justify;\">\u2022 Adequa\u00e7\u00e3o dos prazos de entrega \u00e0s necessidades do cliente e acompanhamento dos processos log\u00edsticos de entrega no Brasil e no Exterior;<\/p>\n<p style=\"text-align: justify;\">\u2022 Visita\u00e7\u00e3o a fornecedores e prestadores de servi\u00e7os brasileiros e estrangeiros para a defini\u00e7\u00e3o dos par\u00e2metros de qualidade exigidos e para a avalia\u00e7\u00e3o do seu desempenho e seus processos produtivos;<\/p>\n<p style=\"text-align: justify;\">\u2022 Coleta de dados e informa\u00e7\u00f5es sobre as condi\u00e7\u00f5es gerais e financeiras de fornecedores e prestadores de servi\u00e7os para garantir a melhor escolha;<\/p>\n<p style=\"text-align: justify;\">\u2022 Acompanhamento dos processos de desenvolvimento de novos produtos e servi\u00e7os no Brasil e no Exterior e realiza\u00e7\u00e3o de pesquisas por novos mercados e novas tecnologias.<\/p>\n<p style=\"text-align: justify;\"><span style=\"color: #ffffff;\">.<\/span><\/p>\n<p style=\"text-align: justify;\"><span style=\"color: #ffffff;\">.<\/span><\/p>\n<p style=\"text-align: justify;\"><strong>\n\t\t<\/div> \n\t<\/div> <div class=\"vc_text_separator wpb_content_element separator_align_center\"><div>Consultoria em Com\u00e9rcio Exterior e Internacionaliza\u00e7\u00e3o<\/div><\/div>\n<\/strong><\/p>\n<p style=\"text-align: justify;\"><span style=\"color: #ffffff;\">.<\/span><\/p>\n<p style=\"text-align: justify;\"><strong>\n\t<div class=\"wpb_text_column wpb_content_element \">\n\t\t<div class=\"wpb_wrapper\">\n\t\t\t<\/strong><\/p>\n<p style=\"text-align: justify;\"><strong><span style=\"color: #ffffff;\">.<\/span><\/strong><\/p>\n<p style=\"text-align: justify;\">A <strong><em>Business Connections Brazil<\/em><\/strong> presta servi\u00e7os de Consultoria em Com\u00e9rcio Exterior e Internacionaliza\u00e7\u00e3o, e oferece, por meio da an\u00e1lise dos seus produtos e suas condi\u00e7\u00f5es competitivas, a assessoria comercial e operacional necess\u00e1ria para otimizar os processos e os custos envolvidos nas opera\u00e7\u00f5es de Com\u00e9rcio Exterior.<\/p>\n<p style=\"text-align: justify;\"><span style=\"color: #ffffff;\">.<\/span><\/p>\n<p style=\"text-align: justify;\">A<strong><em> Business Connections Brazil<\/em><\/strong> oferece os seguintes servi\u00e7os nessa \u00e1rea:<\/p>\n<p style=\"text-align: justify;\">\u2022 Compara\u00e7\u00e3o de pre\u00e7os com a concorr\u00eancia e auxilio para a forma\u00e7\u00e3o de pre\u00e7os competitivos para mercado Nacional, Exporta\u00e7\u00e3o e Importa\u00e7\u00e3o envolvendo estudos log\u00edsticos nacionais e internacionais;<\/p>\n<p style=\"text-align: justify;\">\u2022 Gerenciamento da redu\u00e7\u00e3o dos custos operacionais e log\u00edsticos de Exporta\u00e7\u00e3o e Importa\u00e7\u00e3o para viabilizar a comercializa\u00e7\u00e3o de produtos e servi\u00e7os no Brasil e no Exterior;<\/p>\n<p style=\"text-align: justify;\">\u2022 Realiza\u00e7\u00e3o de estudos sobre a legisla\u00e7\u00e3o aduaneira de cada pa\u00eds e a exist\u00eancia de restri\u00e7\u00f5es ou necessidade de adequa\u00e7\u00e3o de produtos e servi\u00e7os para a comercializa\u00e7\u00e3o no Brasil e no Exterior;<\/p>\n<p style=\"text-align: justify;\">\u2022 Por meio de parcerias estrat\u00e9gicas oferecemos consultoria e assessoria para Habilita\u00e7\u00e3o no Radar, Desembara\u00e7o Aduaneiro de Exporta\u00e7\u00e3o e Importa\u00e7\u00e3o, Drawback, Admiss\u00e3o em Entreposto, Admiss\u00e3o Tempor\u00e1ria, Exporta\u00e7\u00e3o Tempor\u00e1ria e Reimporta\u00e7\u00e3o.<\/p>\n<p style=\"text-align: justify;\">\n\t\t<\/div> \n\t<\/div> \n\t<\/div> \n<\/div><div class=\"wpb_row wf-container\" style=\"margin-top: 0px;margin-bottom: 0px\" >\n\t<div class=\"wf-cell wf-span-12 wpb_column column_container \">\n\t\t\t\n\t<div class=\"wpb_text_column wpb_content_element \">\n\t\t<div class=\"wpb_wrapper\">\n\t\t\t\n<p style=\"text-align: justify;\">\n\t\t<\/div> \n\t<\/div> \n\t<\/div> \n<\/div>\n","protected":false},"excerpt":{"rendered":"Representa\u00e7\u00e3o Comercial no Brasil e no Exterior . . A Business Connections Brazil representa empresas no Mercado Nacional e Internacional, com a\u00e7\u00f5es que incluem pesquisa de mercado, prospec\u00e7\u00e3o, qualifica\u00e7\u00e3o e defini\u00e7\u00e3o de clientes, gera\u00e7\u00e3o de oportunidades comerciais e realiza\u00e7\u00e3o de neg\u00f3cios. . A Business Connections Brazil oferece os seguintes servi\u00e7os nessa \u00e1rea: \u2022 Representa\u00e7\u00e3o comercial&hellip;","protected":false},"author":3,"featured_media":0,"parent":0,"menu_order":0,"comment_status":"closed","ping_status":"closed","template":"","meta":[],"_links":{"self":[{"href":"https:\/\/businessconnections.com.br\/br\/wp-json\/wp\/v2\/pages\/14"}],"collection":[{"href":"https:\/\/businessconnections.com.br\/br\/wp-json\/wp\/v2\/pages"}],"about":[{"href":"https:\/\/businessconnections.com.br\/br\/wp-json\/wp\/v2\/types\/page"}],"author":[{"embeddable":true,"href":"https:\/\/businessconnections.com.br\/br\/wp-json\/wp\/v2\/users\/3"}],"replies":[{"embeddable":true,"href":"https:\/\/businessconnections.com.br\/br\/wp-json\/wp\/v2\/comments?post=14"}],"version-history":[{"count":48,"href":"https:\/\/businessconnections.com.br\/br\/wp-json\/wp\/v2\/pages\/14\/revisions"}],"predecessor-version":[{"id":185,"href":"https:\/\/businessconnections.com.br\/br\/wp-json\/wp\/v2\/pages\/14\/revisions\/185"}],"wp:attachment":[{"href":"https:\/\/businessconnections.com.br\/br\/wp-json\/wp\/v2\/media?parent=14"}],"curies":[{"name":"wp","href":"https:\/\/api.w.org\/{rel}","templated":true}]}}