{"id":12,"date":"2014-10-23T14:25:25","date_gmt":"2014-10-23T14:25:25","guid":{"rendered":"http:\/\/businessconnections.com.br\/br\/?page_id=12"},"modified":"2014-11-13T15:00:24","modified_gmt":"2014-11-13T15:00:24","slug":"sobre-nos","status":"publish","type":"page","link":"https:\/\/businessconnections.com.br\/br\/sobre-nos\/","title":{"rendered":"A Empresa"},"content":{"rendered":"<div class=\"wpb_row wf-container\" style=\"margin-top: 0px;margin-bottom: 0px\" >\n\t<div class=\"wf-cell wf-span-12 wpb_column column_container \">\n\t\t\t\n\t<div class=\"wpb_text_column wpb_content_element \">\n\t\t<div class=\"wpb_wrapper\">\n\t\t\t\n<p style=\"text-align: justify;\"><span style=\"color: #ffffff;\">.<\/span><\/p>\n<p style=\"text-align: justify;\">Gra\u00e7as a sua ampla experi\u00eancia na \u00e1rea Comercial e nas \u00e1reas de Com\u00e9rcio Exterior, Log\u00edstica e <em>Supply Chain<\/em>, a <strong><em>Business Connections Brazil<\/em><\/strong>\u00a0oferece servi\u00e7os de Representa\u00e7\u00e3o Comercial e Agenciamento de Compras para empresas no Brasil e no Exterior, sendo respons\u00e1vel pelos processos de compras, vendas e pela organiza\u00e7\u00e3o da log\u00edstica nacional e internacional.<\/p>\n<p style=\"text-align: justify;\"><span style=\"color: #ffffff;\">.<\/span><\/p>\n<p style=\"text-align: justify;\">A\u00a0<strong><em>Business Connections Brazil<\/em><\/strong>\u00a0elabora campanhas de vendas, institucionais, publicit\u00e1rias e promocionais. Participa de eventos nacionais e internacionais, tais como: feiras, miss\u00f5es comerciais e rodadas de neg\u00f3cios.<\/p>\n<p style=\"text-align: justify;\"><span style=\"color: #ffffff;\">.<\/span><\/p>\n<p style=\"text-align: justify;\">Por meio de parcerias estrat\u00e9gicas, a <strong><em>Business Connections Brazil<\/em><\/strong> consolida atividades de marketing e trade marketing, com o objetivo de proporcionar uma melhor competitividade e orientar as decis\u00f5es das empresas brasileiras e estrangeiras nessas \u00e1reas.<\/p>\n<p style=\"text-align: justify;\"><span style=\"color: #ffffff;\">.<\/span><\/p>\n<p style=\"text-align: justify;\">Em seu portf\u00f3lio de servi\u00e7os a <strong><em>Business Connections Brazil<\/em><\/strong>\u00a0tamb\u00e9m oferece a Consultoria em Com\u00e9rcio Exterior, que auxilia empresas brasileiras no processo de internacionaliza\u00e7\u00e3o para a venda de seus produtos e servi\u00e7os no Exterior, e empresas estrangeiras, a comercializarem seus produtos e servi\u00e7os no Brasil e na Am\u00e9rica Latina.<\/p>\n<p style=\"text-align: center;\"><span style=\"color: #ffffff;\">.<\/span><\/p>\n<p style=\"text-align: justify;\">\n\t\t<\/div> \n\t<\/div> \n\t<\/div> \n<\/div><div class=\"wpb_row wf-container\" style=\"margin-top: 0px;margin-bottom: 0px\" >\n\t<div class=\"wf-cell wf-span-12 wpb_column column_container \">\n\t\t\t\n<p style=\"text-align: justify;\"><strong><div class=\"vc_text_separator wpb_content_element separator_align_center\"><div>Miss\u00e3o<\/div><\/div>\n<\/strong><\/p>\n<p style=\"text-align: justify;\">\n\t<\/div> \n<\/div><div class=\"wpb_row wf-container\" style=\"margin-top: 0px;margin-bottom: 0px\" >\n\t<div class=\"wf-cell wf-span-12 wpb_column column_container \">\n\t\t\t\n\t<div class=\"wpb_text_column wpb_content_element \">\n\t\t<div class=\"wpb_wrapper\">\n\t\t\t\n<p style=\"text-align: justify;\"><span style=\"color: #ffffff;\">.<\/span><\/p>\n<p>Atender as necessidades dos clientes e atingir seus objetivos com excel\u00eancia.<\/p>\n<p>Estabelecer \u00f3timos neg\u00f3cios e garantir rela\u00e7\u00f5es comerciais saud\u00e1veis e duradouras entre as empresas representadas e os seus clientes.<\/p>\n<p>Integrar a Representa\u00e7\u00e3o Comercial ao Marketing e Trade Marketing para promover produtos e servi\u00e7os no Brasil e no Exterior.<\/p>\n<p>Agenciar e gerenciar as compras e as contrata\u00e7\u00f5es de servi\u00e7os por ordem de terceiros visando \u00e0 capta\u00e7\u00e3o de valores competitivos de produtos e servi\u00e7os de qualidade.<\/p>\n<p>Oferecer aos clientes a Consultoria em Com\u00e9rcio Exterior e Internacionaliza\u00e7\u00e3o, com foco na redu\u00e7\u00e3o dos custos operacionais e log\u00edsticos, com o objetivo de tornar seus produtos e servi\u00e7os competitivos no mercado nacional e internacional.<\/p>\n<p style=\"text-align: justify;\">\n\t\t<\/div> \n\t<\/div>\n<p style=\"text-align: justify;\"><span style=\"color: #ffffff;\">.<\/span><\/p>\n<p style=\"text-align: justify;\"><strong><div class=\"vc_text_separator wpb_content_element separator_align_center\"><div>Vis\u00e3o<\/div><\/div>\n\n\t<div class=\"wpb_text_column wpb_content_element \">\n\t\t<div class=\"wpb_wrapper\">\n\t\t\t<\/strong><\/p>\n<p style=\"text-align: justify;\"><span style=\"color: #ffffff;\">.<\/span><\/p>\n<p>\u201cEmpresa brasileira refer\u00eancia em prospec\u00e7\u00e3o, desenvolvimento de mercados e preserva\u00e7\u00e3o de rela\u00e7\u00f5es comerciais sadias entre empresas nacionais e internacionais.<\/p>\n<p>Reconhecida pelo suporte comercial e operacional prestado \u00e0s empresas representadas e os seus clientes.\u201d<\/p>\n<p style=\"text-align: justify;\"><span style=\"color: #ffffff;\">.<\/span><\/p>\n<p style=\"text-align: justify;\"><strong>\n\t\t<\/div> \n\t<\/div> <div class=\"vc_text_separator wpb_content_element separator_align_center\"><div>Valores<\/div><\/div>\n\n\t<\/div> \n<\/div><div class=\"wpb_row wf-container\" style=\"margin-top: 0px;margin-bottom: 0px\" >\n\t<div class=\"wf-cell wf-span-12 wpb_column column_container \">\n\t\t\t\n\t<\/div> \n<\/div><div class=\"wpb_row wf-container\" style=\"margin-top: 0px;margin-bottom: 0px\" >\n\t<div class=\"wf-cell wf-span-12 wpb_column column_container \">\n\t\t\t\n\t<\/div> \n<\/div><\/strong><\/p>\n<p><strong>\u00a0<\/strong><\/p>\n<p><img loading=\"lazy\" class=\"size-full wp-image-157 aligncenter\" src=\"http:\/\/businessconnections.com.br\/br\/wp-content\/uploads\/2014\/10\/letras1.jpg\" alt=\"letras\" width=\"1000\" height=\"211\" srcset=\"https:\/\/businessconnections.com.br\/br\/wp-content\/uploads\/2014\/10\/letras1.jpg 1000w, https:\/\/businessconnections.com.br\/br\/wp-content\/uploads\/2014\/10\/letras1-300x63.jpg 300w\" sizes=\"(max-width: 1000px) 100vw, 1000px\" \/><\/p>\n","protected":false},"excerpt":{"rendered":"<p>\u00a0<\/p>\n","protected":false},"author":3,"featured_media":0,"parent":0,"menu_order":0,"comment_status":"closed","ping_status":"closed","template":"","meta":[],"_links":{"self":[{"href":"https:\/\/businessconnections.com.br\/br\/wp-json\/wp\/v2\/pages\/12"}],"collection":[{"href":"https:\/\/businessconnections.com.br\/br\/wp-json\/wp\/v2\/pages"}],"about":[{"href":"https:\/\/businessconnections.com.br\/br\/wp-json\/wp\/v2\/types\/page"}],"author":[{"embeddable":true,"href":"https:\/\/businessconnections.com.br\/br\/wp-json\/wp\/v2\/users\/3"}],"replies":[{"embeddable":true,"href":"https:\/\/businessconnections.com.br\/br\/wp-json\/wp\/v2\/comments?post=12"}],"version-history":[{"count":25,"href":"https:\/\/businessconnections.com.br\/br\/wp-json\/wp\/v2\/pages\/12\/revisions"}],"predecessor-version":[{"id":183,"href":"https:\/\/businessconnections.com.br\/br\/wp-json\/wp\/v2\/pages\/12\/revisions\/183"}],"wp:attachment":[{"href":"https:\/\/businessconnections.com.br\/br\/wp-json\/wp\/v2\/media?parent=12"}],"curies":[{"name":"wp","href":"https:\/\/api.w.org\/{rel}","templated":true}]}}